{"id":210,"date":"2025-10-21T06:13:08","date_gmt":"2025-10-21T06:13:08","guid":{"rendered":"https:\/\/gkebatirenov.fr\/index.php\/fournisseurs\/"},"modified":"2025-10-21T06:15:30","modified_gmt":"2025-10-21T06:15:30","slug":"fournisseurs","status":"publish","type":"page","link":"https:\/\/gkebatirenov.fr\/index.php\/fournisseurs\/","title":{"rendered":"Fournisseurs"},"content":{"rendered":"\t\t<div data-elementor-type=\"wp-page\" data-elementor-id=\"210\" class=\"elementor elementor-210\" data-elementor-post-type=\"page\">\n\t\t\t\t<div class=\"elementor-element elementor-element-a89d4c7 e-flex e-con-boxed e-con e-parent\" data-id=\"a89d4c7\" data-element_type=\"container\">\n\t\t\t\t\t<div class=\"e-con-inner\">\n\t\t<div class=\"elementor-element elementor-element-80f6bf3 e-con-full e-flex e-con e-child\" data-id=\"80f6bf3\" data-element_type=\"container\">\n\t\t\t\t<div class=\"elementor-element elementor-element-2a41e6f elementor-widget elementor-widget-heading\" data-id=\"2a41e6f\" data-element_type=\"widget\" data-widget_type=\"heading.default\">\n\t\t\t\t\t<h2 class=\"elementor-heading-title elementor-size-default\">Votre projet, notre expertise<\/h2>\t\t\t\t<\/div>\n\t\t\t\t<div class=\"elementor-element elementor-element-8df3aae elementor-widget elementor-widget-text-editor\" data-id=\"8df3aae\" data-element_type=\"widget\" data-widget_type=\"text-editor.default\">\n\t\t\t\t\t\t\t\t\t<p>Nous transformons votre vision en r\u00e9alit\u00e9 gr\u00e2ce \u00e0 notre savoir-faire en construction et r\u00e9novation. Avec un accent sur la qualit\u00e9, nous vous accompagnons dans chaque \u00e9tape, que ce soit pour du carrelage moderne ou la r\u00e9novation de votre salle de bain. Ensemble, b\u00e2tissons des espaces qui vous ressemblent.<\/p>\t\t\t\t\t\t\t\t<\/div>\n\t\t\t\t<\/div>\n\t\t\t\t\t<\/div>\n\t\t\t\t<\/div>\n\t\t<div class=\"elementor-element elementor-element-9b91aa3 e-flex e-con-boxed e-con e-parent\" data-id=\"9b91aa3\" data-element_type=\"container\">\n\t\t\t\t\t<div class=\"e-con-inner\">\n\t\t<div class=\"elementor-element elementor-element-e3a8c31 e-con-full e-flex e-con e-child\" data-id=\"e3a8c31\" data-element_type=\"container\">\n\t\t\t\t<div class=\"elementor-element elementor-element-80601ff elementor-widget elementor-widget-heading\" data-id=\"80601ff\" data-element_type=\"widget\" data-widget_type=\"heading.default\">\n\t\t\t\t\t<h5 class=\"elementor-heading-title elementor-size-default\">Nos Partenaires<\/h5>\t\t\t\t<\/div>\n\t\t\t\t<div class=\"elementor-element elementor-element-5ffc5e7 elementor-widget elementor-widget-heading\" data-id=\"5ffc5e7\" data-element_type=\"widget\" data-widget_type=\"heading.default\">\n\t\t\t\t\t<h2 class=\"elementor-heading-title elementor-size-default\">Des fournisseurs de confiance pour votre projet<\/h2>\t\t\t\t<\/div>\n\t\t\t\t<\/div>\n\t\t<div class=\"elementor-element elementor-element-e032487 e-con-full e-flex e-con e-child\" data-id=\"e032487\" data-element_type=\"container\">\n\t\t\t\t<div class=\"elementor-element elementor-element-6e2f63a elementor-widget elementor-widget-text-editor\" data-id=\"6e2f63a\" data-element_type=\"widget\" data-widget_type=\"text-editor.default\">\n\t\t\t\t\t\t\t\t\t<p>Nous collaborons uniquement avec des fournisseurs reconnus pour leur expertise et leur fiabilit\u00e9. Chacun de nos partenaires respecte des normes strictes pour garantir la qualit\u00e9 de chaque projet.<\/p>\t\t\t\t\t\t\t\t<\/div>\n\t\t\t\t<div class=\"elementor-element elementor-element-24e6855 elementor-icon-list--layout-traditional elementor-list-item-link-full_width elementor-widget elementor-widget-icon-list\" data-id=\"24e6855\" data-element_type=\"widget\" data-widget_type=\"icon-list.default\">\n\t\t\t\t\t\t\t<ul class=\"elementor-icon-list-items\">\n\t\t\t\t\t\t\t<li class=\"elementor-icon-list-item\">\n\t\t\t\t\t\t\t\t\t\t\t<span class=\"elementor-icon-list-icon\">\n\t\t\t\t\t\t\t<svg aria-hidden=\"true\" class=\"e-font-icon-svg e-fas-star\" viewBox=\"0 0 576 512\" xmlns=\"http:\/\/www.w3.org\/2000\/svg\"><path d=\"M259.3 17.8L194 150.2 47.9 171.5c-26.2 3.8-36.7 36.1-17.7 54.6l105.7 103-25 145.5c-4.5 26.3 23.2 46 46.4 33.7L288 439.6l130.7 68.7c23.2 12.2 50.9-7.4 46.4-33.7l-25-145.5 105.7-103c19-18.5 8.5-50.8-17.7-54.6L382 150.2 316.7 17.8c-11.7-23.6-45.6-23.9-57.4 0z\"><\/path><\/svg>\t\t\t\t\t\t<\/span>\n\t\t\t\t\t\t\t\t\t\t<span class=\"elementor-icon-list-text\">Produits de haute qualit\u00e9 pour des r\u00e9sultats durables.<\/span>\n\t\t\t\t\t\t\t\t\t<\/li>\n\t\t\t\t\t\t\t\t<li class=\"elementor-icon-list-item\">\n\t\t\t\t\t\t\t\t\t\t\t<span class=\"elementor-icon-list-icon\">\n\t\t\t\t\t\t\t<svg aria-hidden=\"true\" class=\"e-font-icon-svg e-fas-star\" viewBox=\"0 0 576 512\" xmlns=\"http:\/\/www.w3.org\/2000\/svg\"><path d=\"M259.3 17.8L194 150.2 47.9 171.5c-26.2 3.8-36.7 36.1-17.7 54.6l105.7 103-25 145.5c-4.5 26.3 23.2 46 46.4 33.7L288 439.6l130.7 68.7c23.2 12.2 50.9-7.4 46.4-33.7l-25-145.5 105.7-103c19-18.5 8.5-50.8-17.7-54.6L382 150.2 316.7 17.8c-11.7-23.6-45.6-23.9-57.4 0z\"><\/path><\/svg>\t\t\t\t\t\t<\/span>\n\t\t\t\t\t\t\t\t\t\t<span class=\"elementor-icon-list-text\">Accompagnement personnalis\u00e9 pour chaque client.<\/span>\n\t\t\t\t\t\t\t\t\t<\/li>\n\t\t\t\t\t\t\t\t<li class=\"elementor-icon-list-item\">\n\t\t\t\t\t\t\t\t\t\t\t<span class=\"elementor-icon-list-icon\">\n\t\t\t\t\t\t\t<svg aria-hidden=\"true\" class=\"e-font-icon-svg e-fas-star\" viewBox=\"0 0 576 512\" xmlns=\"http:\/\/www.w3.org\/2000\/svg\"><path d=\"M259.3 17.8L194 150.2 47.9 171.5c-26.2 3.8-36.7 36.1-17.7 54.6l105.7 103-25 145.5c-4.5 26.3 23.2 46 46.4 33.7L288 439.6l130.7 68.7c23.2 12.2 50.9-7.4 46.4-33.7l-25-145.5 105.7-103c19-18.5 8.5-50.8-17.7-54.6L382 150.2 316.7 17.8c-11.7-23.6-45.6-23.9-57.4 0z\"><\/path><\/svg>\t\t\t\t\t\t<\/span>\n\t\t\t\t\t\t\t\t\t\t<span class=\"elementor-icon-list-text\">Partenaires v\u00e9rifi\u00e9s au service de votre satisfaction.<\/span>\n\t\t\t\t\t\t\t\t\t<\/li>\n\t\t\t\t\t\t<\/ul>\n\t\t\t\t\t\t<\/div>\n\t\t<div class=\"elementor-element elementor-element-385c750 e-flex e-con-boxed e-con e-child\" data-id=\"385c750\" data-element_type=\"container\">\n\t\t\t\t\t<div class=\"e-con-inner\">\n\t\t\t\t<div class=\"elementor-element elementor-element-4c79684 elementor-widget__width-auto elementor-widget elementor-widget-button\" data-id=\"4c79684\" data-element_type=\"widget\" data-widget_type=\"button.default\">\n\t\t\t\t\t\t\t\t\t\t<a class=\"elementor-button elementor-button-link elementor-size-sm\" href=\"#\">\n\t\t\t\t\t\t<span class=\"elementor-button-content-wrapper\">\n\t\t\t\t\t\t\t\t\t<span class=\"elementor-button-text\">Obtenez un devis<\/span>\n\t\t\t\t\t<\/span>\n\t\t\t\t\t<\/a>\n\t\t\t\t\t\t\t\t<\/div>\n\t\t\t\t<div class=\"elementor-element elementor-element-0ecea2f elementor-widget__width-auto elementor-widget elementor-widget-button\" data-id=\"0ecea2f\" data-element_type=\"widget\" data-widget_type=\"button.default\">\n\t\t\t\t\t\t\t\t\t\t<a class=\"elementor-button elementor-button-link elementor-size-sm\" href=\"#\">\n\t\t\t\t\t\t<span class=\"elementor-button-content-wrapper\">\n\t\t\t\t\t\t\t\t\t<span class=\"elementor-button-text\">Contactez-nous<\/span>\n\t\t\t\t\t<\/span>\n\t\t\t\t\t<\/a>\n\t\t\t\t\t\t\t\t<\/div>\n\t\t\t\t\t<\/div>\n\t\t\t\t<\/div>\n\t\t\t\t<\/div>\n\t\t\t\t\t<\/div>\n\t\t\t\t<\/div>\n\t\t<div class=\"elementor-element elementor-element-e8a4dfd e-flex e-con-boxed e-con e-parent\" data-id=\"e8a4dfd\" data-element_type=\"container\">\n\t\t\t\t\t<div class=\"e-con-inner\">\n\t\t\t\t<div class=\"elementor-element elementor-element-706012f elementor-widget elementor-widget-heading\" data-id=\"706012f\" data-element_type=\"widget\" data-widget_type=\"heading.default\">\n\t\t\t\t\t<h2 class=\"elementor-heading-title elementor-size-default\">Galerie de Produits<\/h2>\t\t\t\t<\/div>\n\t\t\t\t<div class=\"elementor-element elementor-element-52aef8a elementor-widget elementor-widget-heading\" data-id=\"52aef8a\" data-element_type=\"widget\" data-widget_type=\"heading.default\">\n\t\t\t\t\t<h5 class=\"elementor-heading-title elementor-size-default\">D\u00e9couvrez notre s\u00e9lection de mat\u00e9riaux de qualit\u00e9, t\u00e9moignage de notre savoir-faire en construction et r\u00e9novation.<\/h5>\t\t\t\t<\/div>\n\t\t<div class=\"elementor-element elementor-element-de12ba3 e-grid e-con-boxed e-con e-child\" data-id=\"de12ba3\" data-element_type=\"container\">\n\t\t\t\t\t<div class=\"e-con-inner\">\n\t\t\t\t<div class=\"elementor-element elementor-element-e815ff0 elementor-widget elementor-widget-image\" data-id=\"e815ff0\" data-element_type=\"widget\" data-widget_type=\"image.default\">\n\t\t\t\t\t\t\t\t\t\t\t\t\t\t\t<img fetchpriority=\"high\" decoding=\"async\" width=\"1920\" height=\"1080\" src=\"https:\/\/gkebatirenov.fr\/wp-content\/uploads\/2025\/10\/placeholder-demo-image-640x640-1-1.jpg\" class=\"attachment-full size-full wp-image-55\" alt=\"\" srcset=\"https:\/\/gkebatirenov.fr\/wp-content\/uploads\/2025\/10\/placeholder-demo-image-640x640-1-1.jpg 1920w, https:\/\/gkebatirenov.fr\/wp-content\/uploads\/2025\/10\/placeholder-demo-image-640x640-1-1-300x169.jpg 300w, https:\/\/gkebatirenov.fr\/wp-content\/uploads\/2025\/10\/placeholder-demo-image-640x640-1-1-1024x576.jpg 1024w, https:\/\/gkebatirenov.fr\/wp-content\/uploads\/2025\/10\/placeholder-demo-image-640x640-1-1-768x432.jpg 768w, https:\/\/gkebatirenov.fr\/wp-content\/uploads\/2025\/10\/placeholder-demo-image-640x640-1-1-1536x864.jpg 1536w\" sizes=\"(max-width: 1920px) 100vw, 1920px\" \/>\t\t\t\t\t\t\t\t\t\t\t\t\t\t\t<\/div>\n\t\t\t\t<div class=\"elementor-element elementor-element-970eb47 elementor-widget elementor-widget-image\" data-id=\"970eb47\" data-element_type=\"widget\" data-widget_type=\"image.default\">\n\t\t\t\t\t\t\t\t\t\t\t\t\t\t\t<img fetchpriority=\"high\" decoding=\"async\" width=\"1920\" height=\"1080\" src=\"https:\/\/gkebatirenov.fr\/wp-content\/uploads\/2025\/10\/placeholder-demo-image-640x640-1-1.jpg\" class=\"attachment-full size-full wp-image-55\" alt=\"\" srcset=\"https:\/\/gkebatirenov.fr\/wp-content\/uploads\/2025\/10\/placeholder-demo-image-640x640-1-1.jpg 1920w, https:\/\/gkebatirenov.fr\/wp-content\/uploads\/2025\/10\/placeholder-demo-image-640x640-1-1-300x169.jpg 300w, https:\/\/gkebatirenov.fr\/wp-content\/uploads\/2025\/10\/placeholder-demo-image-640x640-1-1-1024x576.jpg 1024w, https:\/\/gkebatirenov.fr\/wp-content\/uploads\/2025\/10\/placeholder-demo-image-640x640-1-1-768x432.jpg 768w, https:\/\/gkebatirenov.fr\/wp-content\/uploads\/2025\/10\/placeholder-demo-image-640x640-1-1-1536x864.jpg 1536w\" sizes=\"(max-width: 1920px) 100vw, 1920px\" \/>\t\t\t\t\t\t\t\t\t\t\t\t\t\t\t<\/div>\n\t\t\t\t<div class=\"elementor-element elementor-element-472218a elementor-widget elementor-widget-image\" data-id=\"472218a\" data-element_type=\"widget\" data-widget_type=\"image.default\">\n\t\t\t\t\t\t\t\t\t\t\t\t\t\t\t<img fetchpriority=\"high\" decoding=\"async\" width=\"1920\" height=\"1080\" src=\"https:\/\/gkebatirenov.fr\/wp-content\/uploads\/2025\/10\/placeholder-demo-image-640x640-1-1.jpg\" class=\"attachment-full size-full wp-image-55\" alt=\"\" srcset=\"https:\/\/gkebatirenov.fr\/wp-content\/uploads\/2025\/10\/placeholder-demo-image-640x640-1-1.jpg 1920w, https:\/\/gkebatirenov.fr\/wp-content\/uploads\/2025\/10\/placeholder-demo-image-640x640-1-1-300x169.jpg 300w, https:\/\/gkebatirenov.fr\/wp-content\/uploads\/2025\/10\/placeholder-demo-image-640x640-1-1-1024x576.jpg 1024w, https:\/\/gkebatirenov.fr\/wp-content\/uploads\/2025\/10\/placeholder-demo-image-640x640-1-1-768x432.jpg 768w, https:\/\/gkebatirenov.fr\/wp-content\/uploads\/2025\/10\/placeholder-demo-image-640x640-1-1-1536x864.jpg 1536w\" sizes=\"(max-width: 1920px) 100vw, 1920px\" \/>\t\t\t\t\t\t\t\t\t\t\t\t\t\t\t<\/div>\n\t\t\t\t<div class=\"elementor-element elementor-element-77428d8 elementor-widget elementor-widget-image\" data-id=\"77428d8\" data-element_type=\"widget\" data-widget_type=\"image.default\">\n\t\t\t\t\t\t\t\t\t\t\t\t\t\t\t<img fetchpriority=\"high\" decoding=\"async\" width=\"1920\" height=\"1080\" src=\"https:\/\/gkebatirenov.fr\/wp-content\/uploads\/2025\/10\/placeholder-demo-image-640x640-1-1.jpg\" class=\"attachment-full size-full wp-image-55\" alt=\"\" srcset=\"https:\/\/gkebatirenov.fr\/wp-content\/uploads\/2025\/10\/placeholder-demo-image-640x640-1-1.jpg 1920w, https:\/\/gkebatirenov.fr\/wp-content\/uploads\/2025\/10\/placeholder-demo-image-640x640-1-1-300x169.jpg 300w, https:\/\/gkebatirenov.fr\/wp-content\/uploads\/2025\/10\/placeholder-demo-image-640x640-1-1-1024x576.jpg 1024w, https:\/\/gkebatirenov.fr\/wp-content\/uploads\/2025\/10\/placeholder-demo-image-640x640-1-1-768x432.jpg 768w, https:\/\/gkebatirenov.fr\/wp-content\/uploads\/2025\/10\/placeholder-demo-image-640x640-1-1-1536x864.jpg 1536w\" sizes=\"(max-width: 1920px) 100vw, 1920px\" \/>\t\t\t\t\t\t\t\t\t\t\t\t\t\t\t<\/div>\n\t\t\t\t<div class=\"elementor-element elementor-element-5edfa10 elementor-widget elementor-widget-image\" data-id=\"5edfa10\" data-element_type=\"widget\" data-widget_type=\"image.default\">\n\t\t\t\t\t\t\t\t\t\t\t\t\t\t\t<img fetchpriority=\"high\" decoding=\"async\" width=\"1920\" height=\"1080\" src=\"https:\/\/gkebatirenov.fr\/wp-content\/uploads\/2025\/10\/placeholder-demo-image-640x640-1-1.jpg\" class=\"attachment-full size-full wp-image-55\" alt=\"\" srcset=\"https:\/\/gkebatirenov.fr\/wp-content\/uploads\/2025\/10\/placeholder-demo-image-640x640-1-1.jpg 1920w, https:\/\/gkebatirenov.fr\/wp-content\/uploads\/2025\/10\/placeholder-demo-image-640x640-1-1-300x169.jpg 300w, https:\/\/gkebatirenov.fr\/wp-content\/uploads\/2025\/10\/placeholder-demo-image-640x640-1-1-1024x576.jpg 1024w, https:\/\/gkebatirenov.fr\/wp-content\/uploads\/2025\/10\/placeholder-demo-image-640x640-1-1-768x432.jpg 768w, https:\/\/gkebatirenov.fr\/wp-content\/uploads\/2025\/10\/placeholder-demo-image-640x640-1-1-1536x864.jpg 1536w\" sizes=\"(max-width: 1920px) 100vw, 1920px\" \/>\t\t\t\t\t\t\t\t\t\t\t\t\t\t\t<\/div>\n\t\t\t\t<div class=\"elementor-element elementor-element-12cd8cb elementor-widget elementor-widget-image\" data-id=\"12cd8cb\" data-element_type=\"widget\" data-widget_type=\"image.default\">\n\t\t\t\t\t\t\t\t\t\t\t\t\t\t\t<img fetchpriority=\"high\" decoding=\"async\" width=\"1920\" height=\"1080\" src=\"https:\/\/gkebatirenov.fr\/wp-content\/uploads\/2025\/10\/placeholder-demo-image-640x640-1-1.jpg\" class=\"attachment-full size-full wp-image-55\" alt=\"\" srcset=\"https:\/\/gkebatirenov.fr\/wp-content\/uploads\/2025\/10\/placeholder-demo-image-640x640-1-1.jpg 1920w, https:\/\/gkebatirenov.fr\/wp-content\/uploads\/2025\/10\/placeholder-demo-image-640x640-1-1-300x169.jpg 300w, https:\/\/gkebatirenov.fr\/wp-content\/uploads\/2025\/10\/placeholder-demo-image-640x640-1-1-1024x576.jpg 1024w, https:\/\/gkebatirenov.fr\/wp-content\/uploads\/2025\/10\/placeholder-demo-image-640x640-1-1-768x432.jpg 768w, https:\/\/gkebatirenov.fr\/wp-content\/uploads\/2025\/10\/placeholder-demo-image-640x640-1-1-1536x864.jpg 1536w\" sizes=\"(max-width: 1920px) 100vw, 1920px\" \/>\t\t\t\t\t\t\t\t\t\t\t\t\t\t\t<\/div>\n\t\t\t\t\t<\/div>\n\t\t\t\t<\/div>\n\t\t\t\t\t<\/div>\n\t\t\t\t<\/div>\n\t\t<div class=\"elementor-element elementor-element-0612aa4 e-flex e-con-boxed e-con e-parent\" data-id=\"0612aa4\" data-element_type=\"container\" data-settings=\"{&quot;background_background&quot;:&quot;classic&quot;}\">\n\t\t\t\t\t<div class=\"e-con-inner\">\n\t\t<div class=\"elementor-element elementor-element-e388d91 e-con-full e-flex e-con e-child\" data-id=\"e388d91\" data-element_type=\"container\">\n\t\t\t\t<div class=\"elementor-element elementor-element-94d5dee elementor-widget elementor-widget-heading\" data-id=\"94d5dee\" data-element_type=\"widget\" data-widget_type=\"heading.default\">\n\t\t\t\t\t<h5 class=\"elementor-heading-title elementor-size-default\">Des partenaires de confiance<\/h5>\t\t\t\t<\/div>\n\t\t\t\t<div class=\"elementor-element elementor-element-128812c elementor-widget elementor-widget-heading\" data-id=\"128812c\" data-element_type=\"widget\" data-widget_type=\"heading.default\">\n\t\t\t\t\t<h2 class=\"elementor-heading-title elementor-size-default\">Ce que nos clients disent de notre expertise en r\u00e9novation<\/h2>\t\t\t\t<\/div>\n\t\t\t\t<\/div>\n\t\t<div class=\"elementor-element elementor-element-bf42fc7 e-con-full e-flex e-con e-child\" data-id=\"bf42fc7\" data-element_type=\"container\">\n\t\t<div class=\"elementor-element elementor-element-d19f26f e-con-full e-flex e-con e-child\" data-id=\"d19f26f\" data-element_type=\"container\">\n\t\t\t\t<div class=\"elementor-element elementor-element-14a490f elementor--star-style-\u2b50\u2b50\u2b50\u2b50\u2b50 elementor-star-rating--align-center elementor-widget elementor-widget-star-rating\" data-id=\"14a490f\" data-element_type=\"widget\" data-widget_type=\"star-rating.default\">\n\t\t\t\t\t\n\t\t<div class=\"elementor-star-rating__wrapper\">\n\t\t\t\t\t\t<div class=\"elementor-star-rating\" title=\"5\/5\" itemtype=\"http:\/\/schema.org\/Rating\" itemscope=\"\" itemprop=\"reviewRating\"><i class=\"elementor-star-full\">&#xE934;<\/i><i class=\"elementor-star-full\">&#xE934;<\/i><i class=\"elementor-star-full\">&#xE934;<\/i><i class=\"elementor-star-full\">&#xE934;<\/i><i class=\"elementor-star-full\">&#xE934;<\/i> <span itemprop=\"ratingValue\" class=\"elementor-screen-only\">5\/5<\/span><\/div>\t\t<\/div>\n\t\t\t\t\t\t<\/div>\n\t\t\t\t<div class=\"elementor-element elementor-element-c4ce000 elementor-widget elementor-widget-testimonial\" data-id=\"c4ce000\" data-element_type=\"widget\" data-widget_type=\"testimonial.default\">\n\t\t\t\t\t\t\t<div class=\"elementor-testimonial-wrapper\">\n\t\t\t\t\t\t\t<div class=\"elementor-testimonial-content\">\u00ab Gr\u00e2ce \u00e0 l'expertise de cette entreprise, ma salle de bain est devenue un v\u00e9ritable espace de d\u00e9tente. Leur professionnalisme est remarquable et le r\u00e9sultat parle de lui-m\u00eame! \u00bb<\/div>\n\t\t\t\n\t\t\t\t\t\t<div class=\"elementor-testimonial-meta\">\n\t\t\t\t<div class=\"elementor-testimonial-meta-inner\">\n\t\t\t\t\t\n\t\t\t\t\t\t\t\t\t\t<div class=\"elementor-testimonial-details\">\n\t\t\t\t\t\t\t\t\t\t\t\t\t\t<div class=\"elementor-testimonial-name\">Jean Dupont<\/div>\n\t\t\t\t\t\t\t\t\t\t\t\t\t\t\t\t\t\t\t\t\t\t<div class=\"elementor-testimonial-job\">Propri\u00e9taire<\/div>\n\t\t\t\t\t\t\t\t\t\t\t\t\t<\/div>\n\t\t\t\t\t\t\t\t\t<\/div>\n\t\t\t<\/div>\n\t\t\t\t\t<\/div>\n\t\t\t\t\t\t<\/div>\n\t\t\t\t<\/div>\n\t\t\t\t<\/div>\n\t\t\t\t\t<\/div>\n\t\t\t\t<\/div>\n\t\t<div class=\"elementor-element elementor-element-55e62db e-flex e-con-boxed e-con e-parent\" data-id=\"55e62db\" data-element_type=\"container\" data-settings=\"{&quot;background_background&quot;:&quot;classic&quot;}\">\n\t\t\t\t\t<div class=\"e-con-inner\">\n\t\t<div class=\"elementor-element elementor-element-0af060c e-flex e-con-boxed e-con e-child\" data-id=\"0af060c\" data-element_type=\"container\" data-settings=\"{&quot;background_background&quot;:&quot;classic&quot;}\">\n\t\t\t\t\t<div class=\"e-con-inner\">\n\t\t\t\t<div class=\"elementor-element elementor-element-b7e3d01 elementor-widget elementor-widget-heading\" data-id=\"b7e3d01\" data-element_type=\"widget\" data-widget_type=\"heading.default\">\n\t\t\t\t\t<h2 class=\"elementor-heading-title elementor-size-default\">Contactez-nous pour votre projet de r\u00e9novation<\/h2>\t\t\t\t<\/div>\n\t\t\t\t<div class=\"elementor-element elementor-element-4cbe6b4 elementor-widget elementor-widget-text-editor\" data-id=\"4cbe6b4\" data-element_type=\"widget\" data-widget_type=\"text-editor.default\">\n\t\t\t\t\t\t\t\t\t<p>Vous envisagez des travaux ? Que ce soit pour une salle de bain moderne ou un carrelage \u00e9l\u00e9gant, nous sommes l\u00e0 pour vous aider \u00e0 r\u00e9aliser vos r\u00eaves. Notre \u00e9quipe d&rsquo;experts vous accompagne \u00e0 chaque \u00e9tape de votre projet, avec un service personnalis\u00e9 et des conseils adapt\u00e9s. N\u2019h\u00e9sitez pas \u00e0 nous contacter pour discuter de vos besoins et d\u00e9couvrir comment nous pouvons transformer votre espace.<\/p>\t\t\t\t\t\t\t\t<\/div>\n\t\t\t\t<div class=\"elementor-element elementor-element-420ac91 elementor-widget__width-auto elementor-align-right elementor-widget elementor-widget-button\" data-id=\"420ac91\" data-element_type=\"widget\" data-widget_type=\"button.default\">\n\t\t\t\t\t\t\t\t\t\t<a class=\"elementor-button elementor-button-link elementor-size-sm\" href=\"#\">\n\t\t\t\t\t\t<span class=\"elementor-button-content-wrapper\">\n\t\t\t\t\t\t\t\t\t<span class=\"elementor-button-text\">Demander un devis<\/span>\n\t\t\t\t\t<\/span>\n\t\t\t\t\t<\/a>\n\t\t\t\t\t\t\t\t<\/div>\n\t\t\t\t\t<\/div>\n\t\t\t\t<\/div>\n\t\t\t\t\t<\/div>\n\t\t\t\t<\/div>\n\t\t\t\t<\/div>\n\t\t","protected":false},"excerpt":{"rendered":"<p>Votre projet, notre expertise Nous transformons votre vision en r\u00e9alit\u00e9 gr\u00e2ce \u00e0 notre savoir-faire en construction et r\u00e9novation. Avec un accent sur la qualit\u00e9, nous vous accompagnons dans chaque \u00e9tape, que ce soit pour du carrelage moderne ou la r\u00e9novation de votre salle de bain. Ensemble, b\u00e2tissons des espaces qui vous ressemblent. Nos Partenaires Des [&hellip;]<\/p>\n","protected":false},"author":1,"featured_media":0,"parent":0,"menu_order":0,"comment_status":"closed","ping_status":"closed","template":"","meta":{"footnotes":""},"class_list":["post-210","page","type-page","status-publish","hentry"],"_links":{"self":[{"href":"https:\/\/gkebatirenov.fr\/index.php\/wp-json\/wp\/v2\/pages\/210","targetHints":{"allow":["GET"]}}],"collection":[{"href":"https:\/\/gkebatirenov.fr\/index.php\/wp-json\/wp\/v2\/pages"}],"about":[{"href":"https:\/\/gkebatirenov.fr\/index.php\/wp-json\/wp\/v2\/types\/page"}],"author":[{"embeddable":true,"href":"https:\/\/gkebatirenov.fr\/index.php\/wp-json\/wp\/v2\/users\/1"}],"replies":[{"embeddable":true,"href":"https:\/\/gkebatirenov.fr\/index.php\/wp-json\/wp\/v2\/comments?post=210"}],"version-history":[{"count":4,"href":"https:\/\/gkebatirenov.fr\/index.php\/wp-json\/wp\/v2\/pages\/210\/revisions"}],"predecessor-version":[{"id":257,"href":"https:\/\/gkebatirenov.fr\/index.php\/wp-json\/wp\/v2\/pages\/210\/revisions\/257"}],"wp:attachment":[{"href":"https:\/\/gkebatirenov.fr\/index.php\/wp-json\/wp\/v2\/media?parent=210"}],"curies":[{"name":"wp","href":"https:\/\/api.w.org\/{rel}","templated":true}]}}