{"id":207,"date":"2025-10-21T06:13:07","date_gmt":"2025-10-21T06:13:07","guid":{"rendered":"https:\/\/gkebatirenov.fr\/index.php\/projets-realisations\/"},"modified":"2026-05-12T05:26:46","modified_gmt":"2026-05-12T05:26:46","slug":"maconnerie","status":"publish","type":"page","link":"https:\/\/gkebatirenov.fr\/index.php\/maconnerie\/","title":{"rendered":"Ma\u00e7onnerie"},"content":{"rendered":"\t\t<div data-elementor-type=\"wp-page\" data-elementor-id=\"207\" class=\"elementor elementor-207\" data-elementor-post-type=\"page\">\n\t\t\t\t<div class=\"elementor-element elementor-element-5714582 e-flex e-con-boxed e-con e-parent\" data-id=\"5714582\" data-element_type=\"container\" data-settings=\"{&quot;background_background&quot;:&quot;classic&quot;}\">\n\t\t\t\t\t<div class=\"e-con-inner\">\n\t\t<div class=\"elementor-element elementor-element-65d544a e-con-full e-flex e-con e-child\" data-id=\"65d544a\" data-element_type=\"container\">\n\t\t\t\t<div class=\"elementor-element elementor-element-d60a9fc elementor-widget elementor-widget-heading\" data-id=\"d60a9fc\" data-element_type=\"widget\" data-widget_type=\"heading.default\">\n\t\t\t\t\t<h2 class=\"elementor-heading-title elementor-size-default\">R\u00e9novations qui font la diff\u00e9rence<\/h2>\t\t\t\t<\/div>\n\t\t\t\t<div class=\"elementor-element elementor-element-11f5f94 elementor-widget elementor-widget-text-editor\" data-id=\"11f5f94\" data-element_type=\"widget\" data-widget_type=\"text-editor.default\">\n\t\t\t\t\t\t\t\t\t<p>Transformons vos espaces avec expertise et style.<\/p>\t\t\t\t\t\t\t\t<\/div>\n\t\t\t\t<\/div>\n\t\t\t\t\t<\/div>\n\t\t\t\t<\/div>\n\t\t<div class=\"elementor-element elementor-element-40f9e4b e-flex e-con-boxed e-con e-parent\" data-id=\"40f9e4b\" data-element_type=\"container\">\n\t\t\t\t\t<div class=\"e-con-inner\">\n\t\t<div class=\"elementor-element elementor-element-34b40f5 e-con-full e-flex e-con e-child\" data-id=\"34b40f5\" data-element_type=\"container\">\n\t\t\t\t<div class=\"elementor-element elementor-element-06fa52e elementor-widget elementor-widget-heading\" data-id=\"06fa52e\" data-element_type=\"widget\" data-widget_type=\"heading.default\">\n\t\t\t\t\t<h1 class=\"elementor-heading-title elementor-size-default\">Nom du projet ici<\/h1>\t\t\t\t<\/div>\n\t\t<div class=\"elementor-element elementor-element-af10422 e-flex e-con-boxed e-con e-child\" data-id=\"af10422\" data-element_type=\"container\">\n\t\t\t\t\t<div class=\"e-con-inner\">\n\t\t\t\t<div class=\"elementor-element elementor-element-bf0e1ce elementor-widget__width-auto elementor-widget elementor-widget-button\" data-id=\"bf0e1ce\" data-element_type=\"widget\" data-widget_type=\"button.default\">\n\t\t\t\t\t\t\t\t\t\t<a class=\"elementor-button elementor-button-link elementor-size-sm\" href=\"#\">\n\t\t\t\t\t\t<span class=\"elementor-button-content-wrapper\">\n\t\t\t\t\t\t\t\t\t<span class=\"elementor-button-text\">R\u00e9novation salle de bain<\/span>\n\t\t\t\t\t<\/span>\n\t\t\t\t\t<\/a>\n\t\t\t\t\t\t\t\t<\/div>\n\t\t\t\t<div class=\"elementor-element elementor-element-3353d04 elementor-widget__width-auto elementor-widget elementor-widget-button\" data-id=\"3353d04\" data-element_type=\"widget\" data-widget_type=\"button.default\">\n\t\t\t\t\t\t\t\t\t\t<a class=\"elementor-button elementor-button-link elementor-size-sm\" href=\"#\">\n\t\t\t\t\t\t<span class=\"elementor-button-content-wrapper\">\n\t\t\t\t\t\t\t\t\t<span class=\"elementor-button-text\">Ma\u00e7onnerie moderne<\/span>\n\t\t\t\t\t<\/span>\n\t\t\t\t\t<\/a>\n\t\t\t\t\t\t\t\t<\/div>\n\t\t\t\t<div class=\"elementor-element elementor-element-f30bd8f elementor-widget__width-auto elementor-widget elementor-widget-button\" data-id=\"f30bd8f\" data-element_type=\"widget\" data-widget_type=\"button.default\">\n\t\t\t\t\t\t\t\t\t\t<a class=\"elementor-button elementor-button-link elementor-size-sm\" href=\"#\">\n\t\t\t\t\t\t<span class=\"elementor-button-content-wrapper\">\n\t\t\t\t\t\t\t\t\t<span class=\"elementor-button-text\">Carrelage esth\u00e9tique<\/span>\n\t\t\t\t\t<\/span>\n\t\t\t\t\t<\/a>\n\t\t\t\t\t\t\t\t<\/div>\n\t\t\t\t\t<\/div>\n\t\t\t\t<\/div>\n\t\t\t\t<\/div>\n\t\t<div class=\"elementor-element elementor-element-fb86f79 e-con-full e-flex e-con e-child\" data-id=\"fb86f79\" data-element_type=\"container\">\n\t\t\t\t<div class=\"elementor-element elementor-element-a33088b elementor-widget elementor-widget-text-editor\" data-id=\"a33088b\" data-element_type=\"widget\" data-widget_type=\"text-editor.default\">\n\t\t\t\t\t\t\t\t\t<p>Nous sommes fiers de pr\u00e9senter notre dernier projet, une r\u00e9novation compl\u00e8te d&rsquo;une salle de bain. Ce projet refl\u00e8te notre expertise dans la transformation d&rsquo;espaces tout en mettant l&rsquo;accent sur l&rsquo;esth\u00e9tique et la fonctionnalit\u00e9. Gr\u00e2ce \u00e0 notre attention aux d\u00e9tails et \u00e0 l&rsquo;utilisation de mat\u00e9riaux de haute qualit\u00e9, chaque \u00e9l\u00e9ment a \u00e9t\u00e9 soigneusement con\u00e7u pour offrir une exp\u00e9rience moderne et raffin\u00e9e.<\/p>\t\t\t\t\t\t\t\t<\/div>\n\t\t\t\t<\/div>\n\t\t\t\t\t<\/div>\n\t\t\t\t<\/div>\n\t\t<div class=\"elementor-element elementor-element-29de699 e-flex e-con-boxed e-con e-parent\" data-id=\"29de699\" data-element_type=\"container\">\n\t\t\t\t\t<div class=\"e-con-inner\">\n\t\t\t\t<div class=\"elementor-element elementor-element-ba3fc15 elementor-widget elementor-widget-heading\" data-id=\"ba3fc15\" data-element_type=\"widget\" data-widget_type=\"heading.default\">\n\t\t\t\t\t<h2 class=\"elementor-heading-title elementor-size-default\">Galerie de Projets<\/h2>\t\t\t\t<\/div>\n\t\t\t\t<div class=\"elementor-element elementor-element-3627f14 elementor-widget elementor-widget-heading\" data-id=\"3627f14\" data-element_type=\"widget\" data-widget_type=\"heading.default\">\n\t\t\t\t\t<h5 class=\"elementor-heading-title elementor-size-default\">Explorez notre \u00e9ventail de r\u00e9alisations, t\u00e9moignant de notre expertise en r\u00e9novation et construction.<\/h5>\t\t\t\t<\/div>\n\t\t<div class=\"elementor-element elementor-element-0367a2a e-flex e-con-boxed e-con e-child\" data-id=\"0367a2a\" data-element_type=\"container\">\n\t\t\t\t\t<div class=\"e-con-inner\">\n\t\t<div class=\"elementor-element elementor-element-4cbf8dd e-con-full e-flex e-con e-child\" data-id=\"4cbf8dd\" data-element_type=\"container\">\n\t\t\t\t<div class=\"elementor-element elementor-element-a7a5e43 elementor-widget elementor-widget-image\" data-id=\"a7a5e43\" data-element_type=\"widget\" data-widget_type=\"image.default\">\n\t\t\t\t\t\t\t\t\t\t\t\t\t\t\t<img fetchpriority=\"high\" decoding=\"async\" width=\"800\" height=\"800\" src=\"https:\/\/gkebatirenov.fr\/wp-content\/uploads\/2025\/10\/wireframe-img-1-e1708013680578-1024x1024.png\" class=\"attachment-large size-large wp-image-37\" alt=\"\" srcset=\"https:\/\/gkebatirenov.fr\/wp-content\/uploads\/2025\/10\/wireframe-img-1-e1708013680578-1024x1024.png 1024w, https:\/\/gkebatirenov.fr\/wp-content\/uploads\/2025\/10\/wireframe-img-1-e1708013680578-300x300.png 300w, https:\/\/gkebatirenov.fr\/wp-content\/uploads\/2025\/10\/wireframe-img-1-e1708013680578-150x150.png 150w, https:\/\/gkebatirenov.fr\/wp-content\/uploads\/2025\/10\/wireframe-img-1-e1708013680578-768x767.png 768w, https:\/\/gkebatirenov.fr\/wp-content\/uploads\/2025\/10\/wireframe-img-1-e1708013680578.png 1081w\" sizes=\"(max-width: 800px) 100vw, 800px\" \/>\t\t\t\t\t\t\t\t\t\t\t\t\t\t\t<\/div>\n\t\t\t\t<div class=\"elementor-element elementor-element-ee75930 elementor-widget elementor-widget-image\" data-id=\"ee75930\" data-element_type=\"widget\" data-widget_type=\"image.default\">\n\t\t\t\t\t\t\t\t\t\t\t\t\t\t\t<img fetchpriority=\"high\" decoding=\"async\" width=\"800\" height=\"800\" src=\"https:\/\/gkebatirenov.fr\/wp-content\/uploads\/2025\/10\/wireframe-img-1-e1708013680578-1024x1024.png\" class=\"attachment-large size-large wp-image-37\" alt=\"\" srcset=\"https:\/\/gkebatirenov.fr\/wp-content\/uploads\/2025\/10\/wireframe-img-1-e1708013680578-1024x1024.png 1024w, https:\/\/gkebatirenov.fr\/wp-content\/uploads\/2025\/10\/wireframe-img-1-e1708013680578-300x300.png 300w, https:\/\/gkebatirenov.fr\/wp-content\/uploads\/2025\/10\/wireframe-img-1-e1708013680578-150x150.png 150w, https:\/\/gkebatirenov.fr\/wp-content\/uploads\/2025\/10\/wireframe-img-1-e1708013680578-768x767.png 768w, https:\/\/gkebatirenov.fr\/wp-content\/uploads\/2025\/10\/wireframe-img-1-e1708013680578.png 1081w\" sizes=\"(max-width: 800px) 100vw, 800px\" \/>\t\t\t\t\t\t\t\t\t\t\t\t\t\t\t<\/div>\n\t\t\t\t<\/div>\n\t\t<div class=\"elementor-element elementor-element-5eec20e e-con-full e-flex e-con e-child\" data-id=\"5eec20e\" data-element_type=\"container\">\n\t\t\t\t<div class=\"elementor-element elementor-element-644ff4e elementor-widget elementor-widget-image\" data-id=\"644ff4e\" data-element_type=\"widget\" data-widget_type=\"image.default\">\n\t\t\t\t\t\t\t\t\t\t\t\t\t\t\t<img decoding=\"async\" width=\"800\" height=\"450\" src=\"https:\/\/gkebatirenov.fr\/wp-content\/uploads\/2025\/10\/wireframe-img-3-1024x576.png\" class=\"attachment-large size-large wp-image-42\" alt=\"\" srcset=\"https:\/\/gkebatirenov.fr\/wp-content\/uploads\/2025\/10\/wireframe-img-3-1024x576.png 1024w, https:\/\/gkebatirenov.fr\/wp-content\/uploads\/2025\/10\/wireframe-img-3-300x169.png 300w, https:\/\/gkebatirenov.fr\/wp-content\/uploads\/2025\/10\/wireframe-img-3-768x432.png 768w, https:\/\/gkebatirenov.fr\/wp-content\/uploads\/2025\/10\/wireframe-img-3-1536x864.png 1536w, https:\/\/gkebatirenov.fr\/wp-content\/uploads\/2025\/10\/wireframe-img-3.png 1920w\" sizes=\"(max-width: 800px) 100vw, 800px\" \/>\t\t\t\t\t\t\t\t\t\t\t\t\t\t\t<\/div>\n\t\t\t\t<div class=\"elementor-element elementor-element-39fabdd elementor-widget elementor-widget-image\" data-id=\"39fabdd\" data-element_type=\"widget\" data-widget_type=\"image.default\">\n\t\t\t\t\t\t\t\t\t\t\t\t\t\t\t<img decoding=\"async\" width=\"800\" height=\"450\" src=\"https:\/\/gkebatirenov.fr\/wp-content\/uploads\/2025\/10\/wireframe-img-3-1024x576.png\" class=\"attachment-large size-large wp-image-42\" alt=\"\" srcset=\"https:\/\/gkebatirenov.fr\/wp-content\/uploads\/2025\/10\/wireframe-img-3-1024x576.png 1024w, https:\/\/gkebatirenov.fr\/wp-content\/uploads\/2025\/10\/wireframe-img-3-300x169.png 300w, https:\/\/gkebatirenov.fr\/wp-content\/uploads\/2025\/10\/wireframe-img-3-768x432.png 768w, https:\/\/gkebatirenov.fr\/wp-content\/uploads\/2025\/10\/wireframe-img-3-1536x864.png 1536w, https:\/\/gkebatirenov.fr\/wp-content\/uploads\/2025\/10\/wireframe-img-3.png 1920w\" sizes=\"(max-width: 800px) 100vw, 800px\" \/>\t\t\t\t\t\t\t\t\t\t\t\t\t\t\t<\/div>\n\t\t\t\t<div class=\"elementor-element elementor-element-c8bde53 elementor-widget elementor-widget-image\" data-id=\"c8bde53\" data-element_type=\"widget\" data-widget_type=\"image.default\">\n\t\t\t\t\t\t\t\t\t\t\t\t\t\t\t<img decoding=\"async\" width=\"800\" height=\"450\" src=\"https:\/\/gkebatirenov.fr\/wp-content\/uploads\/2025\/10\/wireframe-img-3-1024x576.png\" class=\"attachment-large size-large wp-image-42\" alt=\"\" srcset=\"https:\/\/gkebatirenov.fr\/wp-content\/uploads\/2025\/10\/wireframe-img-3-1024x576.png 1024w, https:\/\/gkebatirenov.fr\/wp-content\/uploads\/2025\/10\/wireframe-img-3-300x169.png 300w, https:\/\/gkebatirenov.fr\/wp-content\/uploads\/2025\/10\/wireframe-img-3-768x432.png 768w, https:\/\/gkebatirenov.fr\/wp-content\/uploads\/2025\/10\/wireframe-img-3-1536x864.png 1536w, https:\/\/gkebatirenov.fr\/wp-content\/uploads\/2025\/10\/wireframe-img-3.png 1920w\" sizes=\"(max-width: 800px) 100vw, 800px\" \/>\t\t\t\t\t\t\t\t\t\t\t\t\t\t\t<\/div>\n\t\t\t\t<\/div>\n\t\t<div class=\"elementor-element elementor-element-57c3575 e-con-full e-flex e-con e-child\" data-id=\"57c3575\" data-element_type=\"container\">\n\t\t\t\t<div class=\"elementor-element elementor-element-278794c elementor-widget elementor-widget-image\" data-id=\"278794c\" data-element_type=\"widget\" data-widget_type=\"image.default\">\n\t\t\t\t\t\t\t\t\t\t\t\t\t\t\t<img fetchpriority=\"high\" decoding=\"async\" width=\"800\" height=\"800\" src=\"https:\/\/gkebatirenov.fr\/wp-content\/uploads\/2025\/10\/wireframe-img-1-e1708013680578-1024x1024.png\" class=\"attachment-large size-large wp-image-37\" alt=\"\" srcset=\"https:\/\/gkebatirenov.fr\/wp-content\/uploads\/2025\/10\/wireframe-img-1-e1708013680578-1024x1024.png 1024w, https:\/\/gkebatirenov.fr\/wp-content\/uploads\/2025\/10\/wireframe-img-1-e1708013680578-300x300.png 300w, https:\/\/gkebatirenov.fr\/wp-content\/uploads\/2025\/10\/wireframe-img-1-e1708013680578-150x150.png 150w, https:\/\/gkebatirenov.fr\/wp-content\/uploads\/2025\/10\/wireframe-img-1-e1708013680578-768x767.png 768w, https:\/\/gkebatirenov.fr\/wp-content\/uploads\/2025\/10\/wireframe-img-1-e1708013680578.png 1081w\" sizes=\"(max-width: 800px) 100vw, 800px\" \/>\t\t\t\t\t\t\t\t\t\t\t\t\t\t\t<\/div>\n\t\t\t\t<div class=\"elementor-element elementor-element-684dfc3 elementor-widget elementor-widget-image\" data-id=\"684dfc3\" data-element_type=\"widget\" data-widget_type=\"image.default\">\n\t\t\t\t\t\t\t\t\t\t\t\t\t\t\t<img fetchpriority=\"high\" decoding=\"async\" width=\"800\" height=\"800\" src=\"https:\/\/gkebatirenov.fr\/wp-content\/uploads\/2025\/10\/wireframe-img-1-e1708013680578-1024x1024.png\" class=\"attachment-large size-large wp-image-37\" alt=\"\" srcset=\"https:\/\/gkebatirenov.fr\/wp-content\/uploads\/2025\/10\/wireframe-img-1-e1708013680578-1024x1024.png 1024w, https:\/\/gkebatirenov.fr\/wp-content\/uploads\/2025\/10\/wireframe-img-1-e1708013680578-300x300.png 300w, https:\/\/gkebatirenov.fr\/wp-content\/uploads\/2025\/10\/wireframe-img-1-e1708013680578-150x150.png 150w, https:\/\/gkebatirenov.fr\/wp-content\/uploads\/2025\/10\/wireframe-img-1-e1708013680578-768x767.png 768w, https:\/\/gkebatirenov.fr\/wp-content\/uploads\/2025\/10\/wireframe-img-1-e1708013680578.png 1081w\" sizes=\"(max-width: 800px) 100vw, 800px\" \/>\t\t\t\t\t\t\t\t\t\t\t\t\t\t\t<\/div>\n\t\t\t\t<\/div>\n\t\t\t\t\t<\/div>\n\t\t\t\t<\/div>\n\t\t\t\t\t<\/div>\n\t\t\t\t<\/div>\n\t\t<div class=\"elementor-element elementor-element-2dd2e11 e-flex e-con-boxed e-con e-parent\" data-id=\"2dd2e11\" data-element_type=\"container\">\n\t\t\t\t\t<div class=\"e-con-inner\">\n\t\t<div class=\"elementor-element elementor-element-709a09a e-con-full e-flex e-con e-child\" data-id=\"709a09a\" data-element_type=\"container\">\n\t\t\t\t<div class=\"elementor-element elementor-element-d66a911 elementor-widget elementor-widget-icon-box\" data-id=\"d66a911\" data-element_type=\"widget\" data-widget_type=\"icon-box.default\">\n\t\t\t\t\t\t\t<div class=\"elementor-icon-box-wrapper\">\n\n\t\t\t\n\t\t\t\t\t\t<div class=\"elementor-icon-box-content\">\n\n\t\t\t\t\t\t\t\t\t<p class=\"elementor-icon-box-title\">\n\t\t\t\t\t\t<span  >\n\t\t\t\t\t\t\tCe que disent nos clients\t\t\t\t\t\t<\/span>\n\t\t\t\t\t<\/p>\n\t\t\t\t\n\t\t\t\t\t\t\t\t\t<p class=\"elementor-icon-box-description\">\n\t\t\t\t\t\tT\u00e9moignages de nos clients satisfaits.\t\t\t\t\t<\/p>\n\t\t\t\t\n\t\t\t<\/div>\n\t\t\t\n\t\t<\/div>\n\t\t\t\t\t\t<\/div>\n\t\t\t\t<div class=\"elementor-element elementor-element-6d03c19 elementor-widget elementor-widget-testimonial\" data-id=\"6d03c19\" data-element_type=\"widget\" data-widget_type=\"testimonial.default\">\n\t\t\t\t\t\t\t<div class=\"elementor-testimonial-wrapper\">\n\t\t\t\t\t\t\t<div class=\"elementor-testimonial-content\">\u00ab Nous avons choisi [Nom de l'entreprise] pour la r\u00e9novation de notre salle de bain et nous sommes ravis du r\u00e9sultat. Leurs conseils \u00e9taient pr\u00e9cieux et l'\u00e9quipe a fait un travail exceptionnel. \u00bb<\/div>\n\t\t\t\n\t\t\t\t\t\t<div class=\"elementor-testimonial-meta\">\n\t\t\t\t<div class=\"elementor-testimonial-meta-inner\">\n\t\t\t\t\t\n\t\t\t\t\t\t\t\t\t\t<div class=\"elementor-testimonial-details\">\n\t\t\t\t\t\t\t\t\t\t\t\t\t\t<div class=\"elementor-testimonial-name\">Marie Dubois | Propri\u00e9taire<\/div>\n\t\t\t\t\t\t\t\t\t\t\t\t\t\t\t\t\t\t\t\t\t\t<div class=\"elementor-testimonial-job\">Cliente<\/div>\n\t\t\t\t\t\t\t\t\t\t\t\t\t<\/div>\n\t\t\t\t\t\t\t\t\t<\/div>\n\t\t\t<\/div>\n\t\t\t\t\t<\/div>\n\t\t\t\t\t\t<\/div>\n\t\t\t\t<\/div>\n\t\t\t\t<div class=\"elementor-element elementor-element-4640e3f elementor-widget__width-initial elementor-widget-tablet__width-inherit elementor-widget elementor-widget-image\" data-id=\"4640e3f\" data-element_type=\"widget\" data-widget_type=\"image.default\">\n\t\t\t\t\t\t\t\t\t\t\t\t\t\t\t<img fetchpriority=\"high\" decoding=\"async\" width=\"800\" height=\"800\" src=\"https:\/\/gkebatirenov.fr\/wp-content\/uploads\/2025\/10\/wireframe-img-1-e1708013680578-1024x1024.png\" class=\"attachment-large size-large wp-image-37\" alt=\"\" srcset=\"https:\/\/gkebatirenov.fr\/wp-content\/uploads\/2025\/10\/wireframe-img-1-e1708013680578-1024x1024.png 1024w, https:\/\/gkebatirenov.fr\/wp-content\/uploads\/2025\/10\/wireframe-img-1-e1708013680578-300x300.png 300w, https:\/\/gkebatirenov.fr\/wp-content\/uploads\/2025\/10\/wireframe-img-1-e1708013680578-150x150.png 150w, https:\/\/gkebatirenov.fr\/wp-content\/uploads\/2025\/10\/wireframe-img-1-e1708013680578-768x767.png 768w, https:\/\/gkebatirenov.fr\/wp-content\/uploads\/2025\/10\/wireframe-img-1-e1708013680578.png 1081w\" sizes=\"(max-width: 800px) 100vw, 800px\" \/>\t\t\t\t\t\t\t\t\t\t\t\t\t\t\t<\/div>\n\t\t\t\t\t<\/div>\n\t\t\t\t<\/div>\n\t\t<div class=\"elementor-element elementor-element-55e62db e-flex e-con-boxed e-con e-parent\" data-id=\"55e62db\" data-element_type=\"container\" data-settings=\"{&quot;background_background&quot;:&quot;classic&quot;}\">\n\t\t\t\t\t<div class=\"e-con-inner\">\n\t\t<div class=\"elementor-element elementor-element-0af060c e-flex e-con-boxed e-con e-child\" data-id=\"0af060c\" data-element_type=\"container\" data-settings=\"{&quot;background_background&quot;:&quot;classic&quot;}\">\n\t\t\t\t\t<div class=\"e-con-inner\">\n\t\t\t\t<div class=\"elementor-element elementor-element-b7e3d01 elementor-widget elementor-widget-heading\" data-id=\"b7e3d01\" data-element_type=\"widget\" data-widget_type=\"heading.default\">\n\t\t\t\t\t<h2 class=\"elementor-heading-title elementor-size-default\">Obtenez votre devis gratuit d\u00e8s maintenant<\/h2>\t\t\t\t<\/div>\n\t\t\t\t<div class=\"elementor-element elementor-element-4cbe6b4 elementor-widget elementor-widget-text-editor\" data-id=\"4cbe6b4\" data-element_type=\"widget\" data-widget_type=\"text-editor.default\">\n\t\t\t\t\t\t\t\t\t<p>Vous envisagez des travaux de r\u00e9novation ou de construction? Notre \u00e9quipe est d\u00e9di\u00e9e \u00e0 vous aider \u00e0 r\u00e9aliser votre projet. Profitez de notre expertise en carrelage, ma\u00e7onnerie, et r\u00e9novation de salles de bain. Contactez-nous pour un devis gratuit et sans engagement.<\/p>\t\t\t\t\t\t\t\t<\/div>\n\t\t\t\t<div class=\"elementor-element elementor-element-420ac91 elementor-widget__width-auto elementor-align-right elementor-widget elementor-widget-button\" data-id=\"420ac91\" data-element_type=\"widget\" data-widget_type=\"button.default\">\n\t\t\t\t\t\t\t\t\t\t<a class=\"elementor-button elementor-button-link elementor-size-sm\" href=\"#\">\n\t\t\t\t\t\t<span class=\"elementor-button-content-wrapper\">\n\t\t\t\t\t\t\t\t\t<span class=\"elementor-button-text\">Demander un devis<\/span>\n\t\t\t\t\t<\/span>\n\t\t\t\t\t<\/a>\n\t\t\t\t\t\t\t\t<\/div>\n\t\t\t\t\t<\/div>\n\t\t\t\t<\/div>\n\t\t\t\t\t<\/div>\n\t\t\t\t<\/div>\n\t\t<div class=\"elementor-element elementor-element-07d182e e-flex e-con-boxed e-con e-parent\" data-id=\"07d182e\" data-element_type=\"container\" data-settings=\"{&quot;background_background&quot;:&quot;classic&quot;}\">\n\t\t\t\t\t<div class=\"e-con-inner\">\n\t\t<div class=\"elementor-element elementor-element-e424d5a e-con-full e-flex e-con e-child\" data-id=\"e424d5a\" data-element_type=\"container\">\n\t\t<div class=\"elementor-element elementor-element-efc6661 e-grid e-con-boxed e-con e-child\" data-id=\"efc6661\" data-element_type=\"container\">\n\t\t\t\t\t<div class=\"e-con-inner\">\n\t\t\t\t<div class=\"elementor-element elementor-element-49bdce8 elementor-position-left elementor-view-default elementor-mobile-position-top elementor-widget elementor-widget-icon-box\" data-id=\"49bdce8\" data-element_type=\"widget\" data-widget_type=\"icon-box.default\">\n\t\t\t\t\t\t\t<div class=\"elementor-icon-box-wrapper\">\n\n\t\t\t\t\t\t<div class=\"elementor-icon-box-icon\">\n\t\t\t\t<span  class=\"elementor-icon\">\n\t\t\t\t<svg aria-hidden=\"true\" class=\"e-font-icon-svg e-fas-star\" viewBox=\"0 0 576 512\" xmlns=\"http:\/\/www.w3.org\/2000\/svg\"><path d=\"M259.3 17.8L194 150.2 47.9 171.5c-26.2 3.8-36.7 36.1-17.7 54.6l105.7 103-25 145.5c-4.5 26.3 23.2 46 46.4 33.7L288 439.6l130.7 68.7c23.2 12.2 50.9-7.4 46.4-33.7l-25-145.5 105.7-103c19-18.5 8.5-50.8-17.7-54.6L382 150.2 316.7 17.8c-11.7-23.6-45.6-23.9-57.4 0z\"><\/path><\/svg>\t\t\t\t<\/span>\n\t\t\t<\/div>\n\t\t\t\n\t\t\t\t\t\t<div class=\"elementor-icon-box-content\">\n\n\t\t\t\t\t\t\t\t\t<h3 class=\"elementor-icon-box-title\">\n\t\t\t\t\t\t<span  >\n\t\t\t\t\t\t\t\u00c9tape 1 : Consultations\t\t\t\t\t\t<\/span>\n\t\t\t\t\t<\/h3>\n\t\t\t\t\n\t\t\t\t\t\t\t\t\t<p class=\"elementor-icon-box-description\">\n\t\t\t\t\t\tNous commen\u00e7ons par une consultation d\u00e9taill\u00e9e pour comprendre vos besoins et vos attentes. Cette \u00e9tape est essentielle pour d\u00e9finir ensemble les contours de votre projet.\t\t\t\t\t<\/p>\n\t\t\t\t\n\t\t\t<\/div>\n\t\t\t\n\t\t<\/div>\n\t\t\t\t\t\t<\/div>\n\t\t\t\t<div class=\"elementor-element elementor-element-cadb16d elementor-position-left elementor-view-default elementor-mobile-position-top elementor-widget elementor-widget-icon-box\" data-id=\"cadb16d\" data-element_type=\"widget\" data-widget_type=\"icon-box.default\">\n\t\t\t\t\t\t\t<div class=\"elementor-icon-box-wrapper\">\n\n\t\t\t\t\t\t<div class=\"elementor-icon-box-icon\">\n\t\t\t\t<span  class=\"elementor-icon\">\n\t\t\t\t<svg aria-hidden=\"true\" class=\"e-font-icon-svg e-fas-star\" viewBox=\"0 0 576 512\" xmlns=\"http:\/\/www.w3.org\/2000\/svg\"><path d=\"M259.3 17.8L194 150.2 47.9 171.5c-26.2 3.8-36.7 36.1-17.7 54.6l105.7 103-25 145.5c-4.5 26.3 23.2 46 46.4 33.7L288 439.6l130.7 68.7c23.2 12.2 50.9-7.4 46.4-33.7l-25-145.5 105.7-103c19-18.5 8.5-50.8-17.7-54.6L382 150.2 316.7 17.8c-11.7-23.6-45.6-23.9-57.4 0z\"><\/path><\/svg>\t\t\t\t<\/span>\n\t\t\t<\/div>\n\t\t\t\n\t\t\t\t\t\t<div class=\"elementor-icon-box-content\">\n\n\t\t\t\t\t\t\t\t\t<h3 class=\"elementor-icon-box-title\">\n\t\t\t\t\t\t<span  >\n\t\t\t\t\t\t\t\u00c9tape 2 : Conception\t\t\t\t\t\t<\/span>\n\t\t\t\t\t<\/h3>\n\t\t\t\t\n\t\t\t\t\t\t\t\t\t<p class=\"elementor-icon-box-description\">\n\t\t\t\t\t\tNos experts \u00e9laborent des plans personnalis\u00e9s qui r\u00e9pondent \u00e0 vos exigences. Nous vous pr\u00e9sentons plusieurs options, en mettant l'accent sur la fonctionnalit\u00e9 et l'esth\u00e9tique.\t\t\t\t\t<\/p>\n\t\t\t\t\n\t\t\t<\/div>\n\t\t\t\n\t\t<\/div>\n\t\t\t\t\t\t<\/div>\n\t\t\t\t<div class=\"elementor-element elementor-element-a60a27e elementor-position-left elementor-view-default elementor-mobile-position-top elementor-widget elementor-widget-icon-box\" data-id=\"a60a27e\" data-element_type=\"widget\" data-widget_type=\"icon-box.default\">\n\t\t\t\t\t\t\t<div class=\"elementor-icon-box-wrapper\">\n\n\t\t\t\t\t\t<div class=\"elementor-icon-box-icon\">\n\t\t\t\t<span  class=\"elementor-icon\">\n\t\t\t\t<svg aria-hidden=\"true\" class=\"e-font-icon-svg e-fas-star\" viewBox=\"0 0 576 512\" xmlns=\"http:\/\/www.w3.org\/2000\/svg\"><path d=\"M259.3 17.8L194 150.2 47.9 171.5c-26.2 3.8-36.7 36.1-17.7 54.6l105.7 103-25 145.5c-4.5 26.3 23.2 46 46.4 33.7L288 439.6l130.7 68.7c23.2 12.2 50.9-7.4 46.4-33.7l-25-145.5 105.7-103c19-18.5 8.5-50.8-17.7-54.6L382 150.2 316.7 17.8c-11.7-23.6-45.6-23.9-57.4 0z\"><\/path><\/svg>\t\t\t\t<\/span>\n\t\t\t<\/div>\n\t\t\t\n\t\t\t\t\t\t<div class=\"elementor-icon-box-content\">\n\n\t\t\t\t\t\t\t\t\t<h3 class=\"elementor-icon-box-title\">\n\t\t\t\t\t\t<span  >\n\t\t\t\t\t\t\t\u00c9tape 3 : R\u00e9alisation\t\t\t\t\t\t<\/span>\n\t\t\t\t\t<\/h3>\n\t\t\t\t\n\t\t\t\t\t\t\t\t\t<p class=\"elementor-icon-box-description\">\n\t\t\t\t\t\tUne fois la conception valid\u00e9e, nos \u00e9quipes se mettent au travail. Nous assurons un suivi rigoureux pour garantir que chaque d\u00e9tail soit conforme \u00e0 vos attentes.\t\t\t\t\t<\/p>\n\t\t\t\t\n\t\t\t<\/div>\n\t\t\t\n\t\t<\/div>\n\t\t\t\t\t\t<\/div>\n\t\t\t\t\t<\/div>\n\t\t\t\t<\/div>\n\t\t\t\t<\/div>\n\t\t<div class=\"elementor-element elementor-element-d6db41d e-con-full e-flex e-con e-child\" data-id=\"d6db41d\" data-element_type=\"container\">\n\t\t\t\t<div class=\"elementor-element elementor-element-8eb00ce elementor-widget elementor-widget-image\" data-id=\"8eb00ce\" data-element_type=\"widget\" data-widget_type=\"image.default\">\n\t\t\t\t\t\t\t\t\t\t\t\t\t\t\t<img fetchpriority=\"high\" decoding=\"async\" width=\"800\" height=\"800\" src=\"https:\/\/gkebatirenov.fr\/wp-content\/uploads\/2025\/10\/wireframe-img-1-e1708013680578-1024x1024.png\" class=\"attachment-large size-large wp-image-37\" alt=\"\" srcset=\"https:\/\/gkebatirenov.fr\/wp-content\/uploads\/2025\/10\/wireframe-img-1-e1708013680578-1024x1024.png 1024w, https:\/\/gkebatirenov.fr\/wp-content\/uploads\/2025\/10\/wireframe-img-1-e1708013680578-300x300.png 300w, https:\/\/gkebatirenov.fr\/wp-content\/uploads\/2025\/10\/wireframe-img-1-e1708013680578-150x150.png 150w, https:\/\/gkebatirenov.fr\/wp-content\/uploads\/2025\/10\/wireframe-img-1-e1708013680578-768x767.png 768w, https:\/\/gkebatirenov.fr\/wp-content\/uploads\/2025\/10\/wireframe-img-1-e1708013680578.png 1081w\" sizes=\"(max-width: 800px) 100vw, 800px\" \/>\t\t\t\t\t\t\t\t\t\t\t\t\t\t\t<\/div>\n\t\t\t\t<\/div>\n\t\t\t\t\t<\/div>\n\t\t\t\t<\/div>\n\t\t\t\t<\/div>\n\t\t","protected":false},"excerpt":{"rendered":"<p>R\u00e9novations qui font la diff\u00e9rence Transformons vos espaces avec expertise et style. Nom du projet ici R\u00e9novation salle de bain Ma\u00e7onnerie moderne Carrelage esth\u00e9tique Nous sommes fiers de pr\u00e9senter notre dernier projet, une r\u00e9novation compl\u00e8te d&rsquo;une salle de bain. Ce projet refl\u00e8te notre expertise dans la transformation d&rsquo;espaces tout en mettant l&rsquo;accent sur l&rsquo;esth\u00e9tique et [&hellip;]<\/p>\n","protected":false},"author":1,"featured_media":0,"parent":0,"menu_order":0,"comment_status":"closed","ping_status":"closed","template":"","meta":{"footnotes":""},"class_list":["post-207","page","type-page","status-publish","hentry"],"_links":{"self":[{"href":"https:\/\/gkebatirenov.fr\/index.php\/wp-json\/wp\/v2\/pages\/207","targetHints":{"allow":["GET"]}}],"collection":[{"href":"https:\/\/gkebatirenov.fr\/index.php\/wp-json\/wp\/v2\/pages"}],"about":[{"href":"https:\/\/gkebatirenov.fr\/index.php\/wp-json\/wp\/v2\/types\/page"}],"author":[{"embeddable":true,"href":"https:\/\/gkebatirenov.fr\/index.php\/wp-json\/wp\/v2\/users\/1"}],"replies":[{"embeddable":true,"href":"https:\/\/gkebatirenov.fr\/index.php\/wp-json\/wp\/v2\/comments?post=207"}],"version-history":[{"count":5,"href":"https:\/\/gkebatirenov.fr\/index.php\/wp-json\/wp\/v2\/pages\/207\/revisions"}],"predecessor-version":[{"id":327,"href":"https:\/\/gkebatirenov.fr\/index.php\/wp-json\/wp\/v2\/pages\/207\/revisions\/327"}],"wp:attachment":[{"href":"https:\/\/gkebatirenov.fr\/index.php\/wp-json\/wp\/v2\/media?parent=207"}],"curies":[{"name":"wp","href":"https:\/\/api.w.org\/{rel}","templated":true}]}}